{"id":19,"date":"2017-01-17T14:59:02","date_gmt":"2017-01-17T13:59:02","guid":{"rendered":"http:\/\/faranghe.inhetweb.nl\/?page_id=19"},"modified":"2021-06-08T11:08:48","modified_gmt":"2021-06-08T09:08:48","slug":"tips-voor-trips","status":"publish","type":"page","link":"https:\/\/faranghe.eu\/de\/tips-voor-trips\/","title":{"rendered":"Dolce fa niente oder ein Ausflug?"},"content":{"rendered":"<div class=\"row\">\n<div class=\"col-md-12\"><img decoding=\"async\" src=\"\/wp-content\/uploads\/2017\/02\/grote-foto-tekst-jazz-festival-perugia-in-july.jpg\" \/><\/div>\n<\/div>\n<div class=\"row\">\n<div class=\"col-md-12\">\n<div class=\"himmelen-popular-post\">\n<h3><strong>Dolce fa niente oder ein Ausflug?<\/h3>\n<p><\/strong><\/p>\n<p>Faranghe! ist ein Ort zum Wohlf\u00fchlen. Ein Urlaub, um nach der Hektik des Alltags wieder zu Atem zu kommen. Aber es gibt mehr, obwohl kein Animationsteam und sicherlich keine Verpflichtungen! Kinder haben hier viel Platz zum Wandern und spielen. Es gibt spezielle Workshops und Ausfl\u00fcge f\u00fcr Enthusiasten; authentische italienische Erfahrungen mit Maestros und Maestras aus der Region.<\/p>\n<\/div>\n<blockquote><p>De enige stress die wij hier ervaarden is elke dag te moeten beslissen of we bleven luieren op de camping of van de omgeving genieten.<br \/>\n<br \/>\n<span class=\"author\"><a href=\"\/de\/gastenboek\/\"><\/p>\n<h4>Pieter, Stefanie, Jippe und Willemijn. \u00dcbersetzung aus dem Niederl\u00e4ndischen<\/a><\/span><\/h4>\n<p>\n<\/p><\/blockquote>\n<div class=\"himmelen-popular-post\">\n<p>Sie k\u00f6nnen auch Le Marche und Umbrien selbst entdecken und probieren, Tipps f\u00fcr Ausfl\u00fcge sind mit Hilfe unserer  in die Faranghe-Bibliothek leicht zu finden! Wenn Sie m\u00f6chten, reservieren wir Ihren Sportlehrer, Ihre Eintrittskarte oder einen Tisch in diesem einzigartigen Restaurant.<\/p>\n<div class=\"row top-buffer\">\n<div class=\"col-sm-12 col-md-5 himmelen-popular-post bg aligncenter\">\n <img decoding=\"async\" src=\"\/wp-content\/uploads\/2017\/01\/assisi-basiliek-San-Francesco.jpg\"  \/><\/p>\n<p class=\"welcome-block-text\">Versteckte Sch\u00e4tze, die Sie in Ruhe sehen k\u00f6nnen.<\/p>\n<\/div>\n<div class=\"col-sm-12 col-md-5 himmelen-popular-post bg aligncenter\">\n <img decoding=\"async\" src=\"\/wp-content\/uploads\/2017\/01\/5528b30fee9158a129a924165e5d7813.jpg\" \/><\/p>\n<p class=\"welcome-block-text\">\u00dcberraschend sch\u00f6ne St\u00e4dte und Restaurants.<\/p>\n<\/div>\n<\/div>\n<\/div>","protected":false},"excerpt":{"rendered":"<p>Dolce fa niente of er op uit Faranghe! is een plek om je thuis te voelen. Een vakantie om op adem te komen van een druk bestaan. En er is meer! Weliswaar geen animatie-team, zeker geen verplichtingen. Kinderen hebben hier&#8230;<\/p>","protected":false},"author":1,"featured_media":0,"parent":0,"menu_order":25,"comment_status":"closed","ping_status":"closed","template":"page-main.php","meta":{"_seopress_robots_primary_cat":"","_seopress_titles_title":"","_seopress_titles_desc":"","_seopress_robots_index":"","footnotes":""},"class_list":["post-19","page","type-page","status-publish","hentry"],"_links":{"self":[{"href":"https:\/\/faranghe.eu\/de\/wp-json\/wp\/v2\/pages\/19","targetHints":{"allow":["GET"]}}],"collection":[{"href":"https:\/\/faranghe.eu\/de\/wp-json\/wp\/v2\/pages"}],"about":[{"href":"https:\/\/faranghe.eu\/de\/wp-json\/wp\/v2\/types\/page"}],"author":[{"embeddable":true,"href":"https:\/\/faranghe.eu\/de\/wp-json\/wp\/v2\/users\/1"}],"replies":[{"embeddable":true,"href":"https:\/\/faranghe.eu\/de\/wp-json\/wp\/v2\/comments?post=19"}],"version-history":[{"count":70,"href":"https:\/\/faranghe.eu\/de\/wp-json\/wp\/v2\/pages\/19\/revisions"}],"predecessor-version":[{"id":5222,"href":"https:\/\/faranghe.eu\/de\/wp-json\/wp\/v2\/pages\/19\/revisions\/5222"}],"wp:attachment":[{"href":"https:\/\/faranghe.eu\/de\/wp-json\/wp\/v2\/media?parent=19"}],"curies":[{"name":"wp","href":"https:\/\/api.w.org\/{rel}","templated":true}]}}