{"id":51,"date":"2017-01-17T15:06:04","date_gmt":"2017-01-17T14:06:04","guid":{"rendered":"http:\/\/faranghe.inhetweb.nl\/?page_id=51"},"modified":"2024-06-21T13:48:22","modified_gmt":"2024-06-21T11:48:22","slug":"contactgegevens-route","status":"publish","type":"page","link":"https:\/\/faranghe.eu\/de\/reserveer\/contactgegevens-route\/","title":{"rendered":"Adresse &amp; Reiserouten"},"content":{"rendered":"<div class=\"bigmap\"><iframe loading=\"lazy\" style=\"border: 0;\" src=\"https:\/\/www.google.com\/maps\/embed?pb=!1m18!1m12!1m3!1d2228757.865531576!2d11.300617572336925!3d43.26593488492091!2m3!1f0!2f0!3f0!3m2!1i1024!2i768!4f13.1!3m3!1m2!1s0x0%3A0x0!2zNDPCsDE1JzUyLjAiTiAxMsKwNTgnNDQuNiJF!5e0!3m2!1sen!2sus!4v1489054394692\" width=\"450\" height=\"450\" frameborder=\"0\" allowfullscreen=\"allowfullscreen\"><\/iframe><\/div>\n<div class=\"smallmap\"><iframe loading=\"lazy\" style=\"border: 0;\" src=\"https:\/\/www.google.com\/maps\/embed?pb=!1m18!1m12!1m3!1d2228757.865531576!2d11.300617572336925!3d43.26593488492091!2m3!1f0!2f0!3f0!3m2!1i1024!2i768!4f13.1!3m3!1m2!1s0x0%3A0x0!2zNDPCsDE1JzUyLjAiTiAxMsKwNTgnNDQuNiJF!5e0!3m2!1sen!2sus!4v1489054394692\" width=\"600\" height=\"500\" frameborder=\"0\" allowfullscreen=\"allowfullscreen\"><\/iframe><\/div>\n<p>&nbsp;<\/p>\n<div style=\"text-align: right;\">\n<div class=\"eerstealinea\">\n<h2>Faranghe!<\/h2>\n<p>tel\/whatsapp:<br \/>\n<a href=\"tel:+393348904242\">0039 334 890 4242<\/a><\/p>\n<p>adres countryhouse &amp; camping:<br \/>\nLocalita Faranghe<\/p>\n<p>postadres:<br \/>\nLocalita Masciano 79<br \/>\n62024 Esanatoglia (MC)<\/p>\n<div>\n<div>GPS Koordinaten:<br \/>\n43\u00b015\u2019 51.96\u201d N<br \/>\n12\u00b058\u2019 44.62\u201d O<\/div>\n<p>&nbsp;<\/p>\n<div style=\"text-align: left;\">\n<h3><strong>Routenbeschreibung mit dem Auto<\/strong><\/h3>\n<p><strong>Vanaf de S256:<\/strong> Als je op de provinciale weg blijft, pak je de afslag Matelica Ovest\/Esanatoglia. Dit is een nieuwe afslag, veel navigatiesystemen kennen deze nog niet. Na de afslag vervolg je alsmaar de weg naar Esanatoglia. Je rijdt langs het benzinestation en rijdt de plaats Esanatoglia in. Na 1200 meter kom je bij de rotonde met het bord Pagliano ( aan de rechterhand is er een voetbalveld). Ga hier rechtsaf naar Pagliano. Vanaf dit punt is het nog 2,7 km tot de eindbestemming. Je rijdt de heuvel op. Na 1100 meter kom je bij een grauwwit huis met stalen groene hek en betonnen muur; Hier vind je ons eerste bord Faranghe! nog een km tot aan het huis, volg simpelweg onze bordjes.<\/p>\n<p>Let op: je hoeft niet over onverharde wegen, door oude stadscentra of smalle tussenstraatjes in stadjes in. Ga dus in geen geval met caravan of aanhanger de oude stad in of over onverharde paden.<\/p>\n<p>&nbsp;<\/p>\n<p>&nbsp;<\/p>\n<p><strong>Autobahn Milaan:<\/strong><\/p>\n<p>\u00dcber Bologna nach Ancona. Verlassen Sie die Ancona Nord in Richtung Fabriano und Rom (s76). Nach ca. 50 km und an der Grotte di Frassasi vorbei nehmen Sie die Ausfahrt Borgo Tufico. (Verpasste Ausfahrt, n\u00e4chste Ausfahrt Cereto d'Esi). Von Borgo Tufico fahren Sie geradeaus \u00fcber Cereto d'Esi nach Matelica (s256).<\/p>\n<p>&nbsp;<\/p>\n<p><strong>Autobahn Rom:<\/strong> Vanaf vliegveld Fiumicino (ook genoemd Leonardo da Vinci) rijd je richting Rome en neem je de rondweg richting Firenze; neem afslag 10 richting Firenze (a1).<br \/>\nNa 61 km neem afslag richting Terni (deze gaat vanzelf over in de Via Flamina (s3)); Je rijdt nu richting Spoleto gevolgd door Foligno tot aan Gualdo Tadino. Na 8 km neem je de afslag naar Fabriano (s76). Na 22 km neem de afslag Borgo Tufico. Volg de bordjes (s256) naar Cereto d&#8217;Esi en vervolgens Matelica. Blijf op de provinciale weg rijden tot de aanwijzing hierboven vanaf de S256.<\/p>\n<p>&nbsp;<\/p>\n<div class=\"routeblok\">\n<p><img decoding=\"async\" src=\"\/wp-content\/uploads\/2017\/04\/route_gps.jpg\" \/><\/p>\n<div class=\"text\">\n<h3><strong>GPS anwenden?<\/strong><\/h3>\n<p>Geben Sie nicht unsere Adresse ein, sondern die GPS-Koordinaten oder Localita Faranghe in Esanatoglia.<\/p>\n<\/div>\n<div class=\"clear\"><\/div>\n<\/div>\n<h3 class=\"top-buffer clear\"><strong>Beschreibung, wenn Sie mit dem Flugzeug anreisen.<\/strong><\/h3>\n<p><strong><a href=\"https:\/\/www.transavia.com\/nl-NL\/home\/\" target=\"_blank\" rel=\"noopener noreferrer\">Transavia<\/a><\/strong> Billigfluggesellschaften fliegen nach Rom Fiumicino und Rom Ciampino, nach Ancona und nach Perugia. Rom - Faranghe! ist 223 km und mit dem Auto ca. 4 Stunden. Die Fahrt Ancona Flughafen - Faranghe! ist etwa 75 km. Die Fahrt Perugia - Faranghe! ist 73 km und 1 Stunde Fahrt nach Googlemaps. Sie k\u00f6nnen ein Auto auf der Website der Fluggesellschaft mieten, sie bieten Ihnen oft Rabatte. Zum beispiel bei <strong><a href=\"https:\/\/www.ryanair.com\/nl\/nl\/\" target=\"_blank\" rel=\"noopener noreferrer\">Ryan Air<\/a><\/strong> kun je ook goedkoop vliegen via Dusseldorf\/Weeze (over de grens bij Nijmegen) en Brussel\/Charleroi op Ancona. De route Ancona &#8211; Esanatoglia is zo&#8217;n 83 km en is ongeveer 1,5 uur autorijden. Huur een auto op de site van de vliegmaatschappij, zij bieden je vaak kortingen..<\/p>\n<div class=\"routeblok\">\n<p><img decoding=\"async\" src=\"\/wp-content\/uploads\/2017\/04\/route_caravan.jpg\" \/><\/p>\n<div class=\"text\">\n<h3><strong>REISEN MIT EINEM CARAVAN ODER CAMPER?<\/strong><\/h3>\n<p>Dann verwenden Sie unsere Routenbeschreibung anstelle Ihres GPS. Wir werden Sie auf dem besten Weg f\u00fchren.<\/p>\n<\/div>\n<div class=\"clear\"><\/div>\n<\/div>\n<h3 class=\"top-buffer clear\"><strong>Routenbeschreibung mit dem Zug<\/strong><\/h3>\n<p>Es gibt eine Schnellzugverbindung zwischen Rom und Fabriano (2,5 Stunden). Von Fabriano aus k\u00f6nnen Sie mit dem Zug nach Matelica (0,5 Stunden). Von (Flughafen) Ancona mit dem Zug \u00fcber Fabriano nach Matelica (1 Stunde). Wir empfehlen Ihnen, Ihren Platz zu reservieren. <a href=\"http:\/\/www.treinreiswinkel.nl\/\" target=\"_blank\" rel=\"noopener noreferrer\">treinreiswinkel <\/a> en op <a href=\"http:\/\/www.fsitaliane.it\/\" target=\"_blank\" rel=\"noopener noreferrer\">Hier finden Sie <\/a>die Zugreisen durch Italien und k\u00f6nnen auch Ihre Reise buchen. Die Seite ist auch in englischer Sprache verf\u00fcgbar. Wir k\u00f6nnen Sie auf der Reise beraten und Transfers von den Bahnh\u00f6fen Matelica, Fabriano und Ancona f\u00fcr Sie arrangieren.<\/p>\n<div class=\"clear\">Ben\u00f6tigen Sie Reisehinweise? Wir helfen Ihnen gerne weiter!<\/div>\n<\/div>\n<\/div>\n<\/div>\n<\/div>","protected":false},"excerpt":{"rendered":"<p>&nbsp; Faranghe! tel\/whatsapp: 0039 334 890 4242 adres countryhouse &amp; camping: Localita Faranghe postadres: Localita Masciano 79 62024 Esanatoglia (MC) GPS co\u00f6rdinaten: 43\u00b015\u2019 51.96\u201d N 12\u00b058\u2019 44.62\u201d O &nbsp; Route beschrijving met de Auto Vanaf de S256: Als je op&#8230;<\/p>","protected":false},"author":1,"featured_media":567,"parent":48,"menu_order":15,"comment_status":"closed","ping_status":"closed","template":"page-sub.php","meta":{"_seopress_robots_primary_cat":"","_seopress_titles_title":"","_seopress_titles_desc":"","_seopress_robots_index":"","footnotes":""},"class_list":["post-51","page","type-page","status-publish","has-post-thumbnail","hentry"],"_links":{"self":[{"href":"https:\/\/faranghe.eu\/de\/wp-json\/wp\/v2\/pages\/51","targetHints":{"allow":["GET"]}}],"collection":[{"href":"https:\/\/faranghe.eu\/de\/wp-json\/wp\/v2\/pages"}],"about":[{"href":"https:\/\/faranghe.eu\/de\/wp-json\/wp\/v2\/types\/page"}],"author":[{"embeddable":true,"href":"https:\/\/faranghe.eu\/de\/wp-json\/wp\/v2\/users\/1"}],"replies":[{"embeddable":true,"href":"https:\/\/faranghe.eu\/de\/wp-json\/wp\/v2\/comments?post=51"}],"version-history":[{"count":50,"href":"https:\/\/faranghe.eu\/de\/wp-json\/wp\/v2\/pages\/51\/revisions"}],"predecessor-version":[{"id":6464,"href":"https:\/\/faranghe.eu\/de\/wp-json\/wp\/v2\/pages\/51\/revisions\/6464"}],"up":[{"embeddable":true,"href":"https:\/\/faranghe.eu\/de\/wp-json\/wp\/v2\/pages\/48"}],"wp:featuredmedia":[{"embeddable":true,"href":"https:\/\/faranghe.eu\/de\/wp-json\/wp\/v2\/media\/567"}],"wp:attachment":[{"href":"https:\/\/faranghe.eu\/de\/wp-json\/wp\/v2\/media?parent=51"}],"curies":[{"name":"wp","href":"https:\/\/api.w.org\/{rel}","templated":true}]}}