{"id":9,"date":"2017-01-17T15:00:43","date_gmt":"2017-01-17T14:00:43","guid":{"rendered":"http:\/\/faranghe.inhetweb.nl\/?page_id=9"},"modified":"2023-09-19T14:17:55","modified_gmt":"2023-09-19T12:17:55","slug":"overnachten","status":"publish","type":"page","link":"https:\/\/faranghe.eu\/de\/overnachten\/","title":{"rendered":"Overnachten"},"content":{"rendered":"<div class=\"himmelen-popular-post\">\n<p><img loading=\"lazy\" decoding=\"async\" class=\"wp-image-5986 size-medium alignleft\" src=\"https:\/\/faranghe.eu\/wp-content\/uploads\/2023\/09\/2.-zonsopgang-Faranghe-225x300.jpg\" alt=\"\" width=\"225\" height=\"300\" srcset=\"https:\/\/faranghe.eu\/wp-content\/uploads\/2023\/09\/2.-zonsopgang-Faranghe-225x300.jpg 225w, https:\/\/faranghe.eu\/wp-content\/uploads\/2023\/09\/2.-zonsopgang-Faranghe-768x1024.jpg 768w, https:\/\/faranghe.eu\/wp-content\/uploads\/2023\/09\/2.-zonsopgang-Faranghe-150x200.jpg 150w, https:\/\/faranghe.eu\/wp-content\/uploads\/2023\/09\/2.-zonsopgang-Faranghe-600x800.jpg 600w, https:\/\/faranghe.eu\/wp-content\/uploads\/2023\/09\/2.-zonsopgang-Faranghe-1152x1536.jpg 1152w, https:\/\/faranghe.eu\/wp-content\/uploads\/2023\/09\/2.-zonsopgang-Faranghe-9x12.jpg 9w, https:\/\/faranghe.eu\/wp-content\/uploads\/2023\/09\/2.-zonsopgang-Faranghe.jpg 1200w, https:\/\/faranghe.eu\/wp-content\/uploads\/2023\/09\/2.-zonsopgang-Faranghe-225x300@2x.jpg 450w\" sizes=\"auto, (max-width: 225px) 100vw, 225px\" \/><\/p>\n<h2><strong>Faranghe! intim und entspannt<\/strong><\/h2>\n<p>Zwei Apartments, zwei retro Caravans und zwanzig Stellpl\u00e4tze. Auf diese Weise k\u00f6nnen Sie ausw\u00e4hlen, welche Unterkunft in Bezug auf Preis und Stil am besten passt. In der Loggia des Landhauses finden Sie einen K\u00fchlschrank mit kalten Getr\u00e4nken und Kindereis zur Selbstbedienung. Auf den verschiedenen Terrassen im und um das Haus finden Sie Sitzpl\u00e4tze und es gibt kostenloses WLAN. Der Campingpool hat eine Gr\u00f6\u00dfe von 9 x 5 und ist 1,30 tief. An verschiedenen Orten gibt es Sonnenliegen und H\u00e4ngematten f\u00fcr Sonnenliebhaber oder Schattenliebhaber.<\/p>\n<p>Es gibt viel Platz f\u00fcr Kinder, eine Spielzeugkiste, eine Tischtennisplatte, einen Fu\u00dfballtisch und einen Platz im Wald, an dem man eine H\u00fctte bauen kann. Und weil wir am Ende der Stra\u00dfe sind, k\u00f6nnen sie ohne merkw\u00fcrdigen Verkehr frei spielen.<\/p>\n<p>Einige unserer G\u00e4ste haben es so ausgedr\u00fcckt<\/p>\n<\/div>\n<blockquote><p>Recept voor een heerlijke vakantie! Men neme: Een vader, een moeder en twee pubers. Twee weken vakantie. Een auto. Het zonnige Itali\u00eb. Het prachtige Le Marche. Een gezellige rood-met-witte-stippen-caravan. Een zwembad met een geweldig uitzicht. Heerlijk eten bij aankomst. Leuke campinggasten. Een fantastische kookcursus met Bianchina. Rust. Enorm veel vlinders. Erg aardige gastvrouw en gastheer, Mieke en Michel. Roer alle ingredi\u00ebnten goed maar rustig door elkaar. Verdeel het over je vakantieweken en dien direct op. Zie daar een heerlijke vakantie op Faranghe!<\/p>\n<h4><a href=\"https:\/\/www.zoover.nl\/italie\/le-marche-de-marken\/esanatoglia\/faranghe\/camping?page=1\" target=\"_blank\" rel=\"noopener noreferrer\">Anton, Lily, Anna und Pieter Rezension in Zoover \u00fcbersetzt aus dem Niederl\u00e4ndischen<\/a><\/h4>\n<\/blockquote>\n<div class=\"himmelen-popular-post\">\n<h3>camping und camping Leicht<\/h3>\n<p>De ruime kampeerplaatsen kunnen allemaal beschikken over stroom. De camping is ook toegankelijk voor caravans tot 7 meter inclusief dissel. Zoek je wat meer gemak? We verhuren ook twee ingerichte retro-caravans. Als je aankomt zijn de bedden opgemaakt, heb je alle spullen om te koken en een picknicktafel. Dat scheelt een hoop bagage in het geval dat je met het vliegtuig komt.<\/p>\n<h3>mehr luxus<\/h3>\n<p>Ben je niet zo&#8217;n kampeerder? Wij verhuren ook twee appartementen met elk een eigen overdekt terras voor lange Italiaanse avonden.<br \/>\nMet kerst en de jaarwisseling verhuren we het boerenhuis in z&#8217;n geheel voor familie- of vriendenfeest voor een week of lang weekend.<\/p>\n<p>&nbsp;<\/p>\n<h3>rabatt<\/h3>\n<p>Kommen Sie im Fr\u00fchjahr oder Herbst f\u00fcr l\u00e4ngere Zeit auf den Campingplatz oder buchen Sie mit einer gro\u00dfen Gruppe von Campern? Wir freuen uns, Sie begr\u00fc\u00dfen zu d\u00fcrfen und bieten einen Rabatt f\u00fcr den Stellplatz.<\/p>\n<div class=\"row top-buffer\">\n<div class=\"col-lg-6\">\n<div class=\"col-sm-12 himmelen-popular-post bg aligncenter\">\n<p><img decoding=\"async\" class=\"alignnone\" src=\"\/wp-content\/uploads\/2017\/02\/eremo-san-cataldo.jpg\" \/><\/p>\n<p class=\"welcome-block-text\">Wandern Sie zu Ihrem Fr\u00fchst\u00fcck auf San Cataldo<\/p>\n<\/div>\n<\/div>\n<div class=\"col-lg-6\">\n<div class=\"col-sm-12 himmelen-popular-post bg aligncenter\">\n<p><img loading=\"lazy\" decoding=\"async\" class=\"alignnone\" src=\"\/wp-content\/uploads\/2017\/02\/oude-boeren-keuken-museum-piermarini-Matelica.jpg\" alt=\"\" width=\"2048\" height=\"1371\" \/><\/p>\n<p class=\"welcome-block-text\">Die alte Wohnzimmer im Museum von Matelica<\/p>\n<\/div>\n<\/div>\n<\/div>\n<\/div>","protected":false},"excerpt":{"rendered":"<p>Faranghe! intiem en ontspannen Een tweetal appartementen, een tweetal gepimpte retrocaravans en een twintigtal kampeerplaatsen. Zo kun je kiezen welke accommodatie qua prijs en stijl het beste bij je past. In de loggia van het countryhouse vind je een koelkast&#8230;<\/p>","protected":false},"author":1,"featured_media":0,"parent":0,"menu_order":23,"comment_status":"closed","ping_status":"closed","template":"page-main.php","meta":{"_seopress_robots_primary_cat":"","_seopress_titles_title":"","_seopress_titles_desc":"","_seopress_robots_index":"","footnotes":""},"class_list":["post-9","page","type-page","status-publish","hentry"],"_links":{"self":[{"href":"https:\/\/faranghe.eu\/de\/wp-json\/wp\/v2\/pages\/9","targetHints":{"allow":["GET"]}}],"collection":[{"href":"https:\/\/faranghe.eu\/de\/wp-json\/wp\/v2\/pages"}],"about":[{"href":"https:\/\/faranghe.eu\/de\/wp-json\/wp\/v2\/types\/page"}],"author":[{"embeddable":true,"href":"https:\/\/faranghe.eu\/de\/wp-json\/wp\/v2\/users\/1"}],"replies":[{"embeddable":true,"href":"https:\/\/faranghe.eu\/de\/wp-json\/wp\/v2\/comments?post=9"}],"version-history":[{"count":49,"href":"https:\/\/faranghe.eu\/de\/wp-json\/wp\/v2\/pages\/9\/revisions"}],"predecessor-version":[{"id":4621,"href":"https:\/\/faranghe.eu\/de\/wp-json\/wp\/v2\/pages\/9\/revisions\/4621"}],"wp:attachment":[{"href":"https:\/\/faranghe.eu\/de\/wp-json\/wp\/v2\/media?parent=9"}],"curies":[{"name":"wp","href":"https:\/\/api.w.org\/{rel}","templated":true}]}}