{"id":19,"date":"2017-01-17T14:59:02","date_gmt":"2017-01-17T13:59:02","guid":{"rendered":"http:\/\/faranghe.inhetweb.nl\/?page_id=19"},"modified":"2021-06-08T11:08:48","modified_gmt":"2021-06-08T09:08:48","slug":"tips-voor-trips","status":"publish","type":"page","link":"https:\/\/faranghe.eu\/it\/tips-voor-trips\/","title":{"rendered":"Dolce fa niente o una gita?"},"content":{"rendered":"<div class=\"row\">\n<div class=\"col-md-12\"><img decoding=\"async\" src=\"\/wp-content\/uploads\/2017\/02\/grote-foto-tekst-jazz-festival-perugia-in-july.jpg\" \/><\/div>\n<\/div>\n<div class=\"row\">\n<div class=\"col-md-12\">\n<div class=\"himmelen-popular-post\">\n<h3><strong>Dolce fa niente o una gita?<\/h3>\n<p><\/strong><\/p>\n<p>Faranghe! \u00e8 un posto dove stare bene. Una vacanza per rilassarsi dopo i ritmi frenetici della vita quotidiana. Ma c'\u00e8 di pi\u00f9, anche se non c'\u00e8 un team di animazione e sicuramente non ci sono obblighi! I bambini hanno molto spazio per camminare qui. Ci sono laboratori ed escursioni speciali per gli appassionati; autentiche esperienze italiane con maestri e maestri della regione.<\/p>\n<\/div>\n<blockquote><p>De enige stress die wij hier ervaarden is elke dag te moeten beslissen of we bleven luieren op de camping of van de omgeving genieten.<br \/>\n<br \/>\n<span class=\"author\"><a href=\"\/it\/gastenboek\/\"><\/p>\n<h4>Pieter, Stefanie, Jippe e Willemijn. Traduzione dall'olandese<\/a><\/span><\/h4>\n<p>\n<\/p><\/blockquote>\n<div class=\"himmelen-popular-post\">\n<p>Puoi anche scoprire e assaporare le Marche e l'Umbria da solo, facili da trovare con l'aiuto dei nostri consigli per le gite nella libreria Faranghe! Se vuoi, ti riserviamo il tuo istruttore sportivo, il tuo biglietto d'ingresso o un tavolo in quel ristorante unico.<\/p>\n<div class=\"row top-buffer\">\n<div class=\"col-sm-12 col-md-5 himmelen-popular-post bg aligncenter\">\n <img decoding=\"async\" src=\"\/wp-content\/uploads\/2017\/01\/assisi-basiliek-San-Francesco.jpg\"  \/><\/p>\n<p class=\"welcome-block-text\">Tesori nascosti che puoi vedere in pace<\/p>\n<\/div>\n<div class=\"col-sm-12 col-md-5 himmelen-popular-post bg aligncenter\">\n <img decoding=\"async\" src=\"\/wp-content\/uploads\/2017\/01\/5528b30fee9158a129a924165e5d7813.jpg\" \/><\/p>\n<p class=\"welcome-block-text\">Citt\u00e0 e ristoranti sorprendentemente carini.<\/p>\n<\/div>\n<\/div>\n<\/div>","protected":false},"excerpt":{"rendered":"<p>Dolce fa niente of er op uit Faranghe! is een plek om je thuis te voelen. Een vakantie om op adem te komen van een druk bestaan. En er is meer! Weliswaar geen animatie-team, zeker geen verplichtingen. Kinderen hebben hier&#8230;<\/p>","protected":false},"author":1,"featured_media":0,"parent":0,"menu_order":25,"comment_status":"closed","ping_status":"closed","template":"page-main.php","meta":{"_seopress_robots_primary_cat":"","_seopress_titles_title":"","_seopress_titles_desc":"","_seopress_robots_index":"","footnotes":""},"class_list":["post-19","page","type-page","status-publish","hentry"],"_links":{"self":[{"href":"https:\/\/faranghe.eu\/it\/wp-json\/wp\/v2\/pages\/19","targetHints":{"allow":["GET"]}}],"collection":[{"href":"https:\/\/faranghe.eu\/it\/wp-json\/wp\/v2\/pages"}],"about":[{"href":"https:\/\/faranghe.eu\/it\/wp-json\/wp\/v2\/types\/page"}],"author":[{"embeddable":true,"href":"https:\/\/faranghe.eu\/it\/wp-json\/wp\/v2\/users\/1"}],"replies":[{"embeddable":true,"href":"https:\/\/faranghe.eu\/it\/wp-json\/wp\/v2\/comments?post=19"}],"version-history":[{"count":70,"href":"https:\/\/faranghe.eu\/it\/wp-json\/wp\/v2\/pages\/19\/revisions"}],"predecessor-version":[{"id":5222,"href":"https:\/\/faranghe.eu\/it\/wp-json\/wp\/v2\/pages\/19\/revisions\/5222"}],"wp:attachment":[{"href":"https:\/\/faranghe.eu\/it\/wp-json\/wp\/v2\/media?parent=19"}],"curies":[{"name":"wp","href":"https:\/\/api.w.org\/{rel}","templated":true}]}}