{"id":9,"date":"2017-01-17T15:00:43","date_gmt":"2017-01-17T14:00:43","guid":{"rendered":"http:\/\/faranghe.inhetweb.nl\/?page_id=9"},"modified":"2023-09-19T14:17:55","modified_gmt":"2023-09-19T12:17:55","slug":"overnachten","status":"publish","type":"page","link":"https:\/\/faranghe.eu\/it\/overnachten\/","title":{"rendered":"Overnachten"},"content":{"rendered":"<div class=\"himmelen-popular-post\">\n<p><img loading=\"lazy\" decoding=\"async\" class=\"wp-image-5986 size-medium alignleft\" src=\"https:\/\/faranghe.eu\/wp-content\/uploads\/2023\/09\/2.-zonsopgang-Faranghe-225x300.jpg\" alt=\"\" width=\"225\" height=\"300\" srcset=\"https:\/\/faranghe.eu\/wp-content\/uploads\/2023\/09\/2.-zonsopgang-Faranghe-225x300.jpg 225w, https:\/\/faranghe.eu\/wp-content\/uploads\/2023\/09\/2.-zonsopgang-Faranghe-768x1024.jpg 768w, https:\/\/faranghe.eu\/wp-content\/uploads\/2023\/09\/2.-zonsopgang-Faranghe-150x200.jpg 150w, https:\/\/faranghe.eu\/wp-content\/uploads\/2023\/09\/2.-zonsopgang-Faranghe-600x800.jpg 600w, https:\/\/faranghe.eu\/wp-content\/uploads\/2023\/09\/2.-zonsopgang-Faranghe-1152x1536.jpg 1152w, https:\/\/faranghe.eu\/wp-content\/uploads\/2023\/09\/2.-zonsopgang-Faranghe-9x12.jpg 9w, https:\/\/faranghe.eu\/wp-content\/uploads\/2023\/09\/2.-zonsopgang-Faranghe.jpg 1200w, https:\/\/faranghe.eu\/wp-content\/uploads\/2023\/09\/2.-zonsopgang-Faranghe-225x300@2x.jpg 450w\" sizes=\"auto, (max-width: 225px) 100vw, 225px\" \/><\/p>\n<h2><strong>Faranghe! autentico e tranquillo<\/strong><\/h2>\n<p>Due appartamenti, due roulotte vintage ottimizzate e venti piazzole. In questo modo puoi scegliere quale alloggio ti si addice meglio in termini di prezzo e stile. Sulle varie terrazze dentro e intorno alla casa troverai posti a sedere e c'\u00e8 il wifi gratuito. La piscina del campeggio ha una dimensione di 9 x 5 ed \u00e8 profonda 1,30. Ci sono lettini e amache in vari luoghi per gli amanti del sole o per chi cerca ombra.<\/p>\n<p>Per i bambini c'\u00e8 molto spazio, una scatola dei giochi, un tavolo da ping pong, un calcio balilla, un posto nel bosco dove si pu\u00f2 costruire una capanna. E poich\u00e9 siamo alla fine della strada, possono giocare liberamente senza nessuno strano traffico.<\/p>\n<p>Alcuni dei nostri ospiti lo mettono cos\u00ec:<\/p>\n<\/div>\n<blockquote><p>Recept voor een heerlijke vakantie! Men neme: Een vader, een moeder en twee pubers. Twee weken vakantie. Een auto. Het zonnige Itali\u00eb. Het prachtige Le Marche. Een gezellige rood-met-witte-stippen-caravan. Een zwembad met een geweldig uitzicht. Heerlijk eten bij aankomst. Leuke campinggasten. Een fantastische kookcursus met Bianchina. Rust. Enorm veel vlinders. Erg aardige gastvrouw en gastheer, Mieke en Michel. Roer alle ingredi\u00ebnten goed maar rustig door elkaar. Verdeel het over je vakantieweken en dien direct op. Zie daar een heerlijke vakantie op Faranghe!<\/p>\n<h4><a href=\"https:\/\/www.zoover.nl\/italie\/le-marche-de-marken\/esanatoglia\/faranghe\/camping?page=1\" target=\"_blank\" rel=\"noopener noreferrer\">Recensione di Anton, Lily, Anna e Pieter su Zoover tradotta dall'olandese<\/a><\/h4>\n<\/blockquote>\n<div class=\"himmelen-popular-post\">\n<h3>campeggiare e campeggio \"leggero\"<\/h3>\n<p>Le 20 ampie piazzole sono tutte dotate di elettricit\u00e0. Il campeggio \u00e8 accessibile anche per camper e roulotte fino a 6 metri escluso timone. Cerchi un po 'pi\u00f9 di comodit\u00e0? Affittiamo anche due roulotte retr\u00f2 arredate. Quando arrivi, i letti sono pronti, tutti gli utensili da cucina sono disponibili e c'\u00e8 un tavolo da picnic per 6 persone pronto per te. Ci\u00f2 consente di risparmiare un sacco di bagagli e problemi, soprattutto quando si arriva in aereo.<\/p>\n<h3>pi\u00f9 lusso<\/h3>\n<p>Ben je niet zo&#8217;n kampeerder? Wij verhuren ook twee appartementen met elk een eigen overdekt terras voor lange Italiaanse avonden.<br \/>\nMet kerst en de jaarwisseling verhuren we het boerenhuis in z&#8217;n geheel voor familie- of vriendenfeest voor een week of lang weekend.<\/p>\n<p>&nbsp;<\/p>\n<h3>sconto<\/h3>\n<p>Vieni in primavera o in autunno per campeggiare un periodo pi\u00f9 lungo o prenoti con un gruppo numeroso al campeggio? Siamo felici di accogliervi e possiamo offrire uno sconto per la piazzola.<\/p>\n<div class=\"row top-buffer\">\n<div class=\"col-lg-6\">\n<div class=\"col-sm-12 himmelen-popular-post bg aligncenter\">\n<p><img decoding=\"async\" class=\"alignnone\" src=\"\/wp-content\/uploads\/2017\/02\/eremo-san-cataldo.jpg\" \/><\/p>\n<p class=\"welcome-block-text\">Camminando verso la colazione a San Cataldo<\/p>\n<\/div>\n<\/div>\n<div class=\"col-lg-6\">\n<div class=\"col-sm-12 himmelen-popular-post bg aligncenter\">\n<p><img loading=\"lazy\" decoding=\"async\" class=\"alignnone\" src=\"\/wp-content\/uploads\/2017\/02\/oude-boeren-keuken-museum-piermarini-Matelica.jpg\" alt=\"\" width=\"2048\" height=\"1371\" \/><\/p>\n<p class=\"welcome-block-text\">Mostra dai vecchi salotti nel museo di Matelica<\/p>\n<\/div>\n<\/div>\n<\/div>\n<\/div>","protected":false},"excerpt":{"rendered":"<p>Faranghe! intiem en ontspannen Een tweetal appartementen, een tweetal gepimpte retrocaravans en een twintigtal kampeerplaatsen. Zo kun je kiezen welke accommodatie qua prijs en stijl het beste bij je past. In de loggia van het countryhouse vind je een koelkast&#8230;<\/p>","protected":false},"author":1,"featured_media":0,"parent":0,"menu_order":23,"comment_status":"closed","ping_status":"closed","template":"page-main.php","meta":{"_seopress_robots_primary_cat":"","_seopress_titles_title":"","_seopress_titles_desc":"","_seopress_robots_index":"","footnotes":""},"class_list":["post-9","page","type-page","status-publish","hentry"],"_links":{"self":[{"href":"https:\/\/faranghe.eu\/it\/wp-json\/wp\/v2\/pages\/9","targetHints":{"allow":["GET"]}}],"collection":[{"href":"https:\/\/faranghe.eu\/it\/wp-json\/wp\/v2\/pages"}],"about":[{"href":"https:\/\/faranghe.eu\/it\/wp-json\/wp\/v2\/types\/page"}],"author":[{"embeddable":true,"href":"https:\/\/faranghe.eu\/it\/wp-json\/wp\/v2\/users\/1"}],"replies":[{"embeddable":true,"href":"https:\/\/faranghe.eu\/it\/wp-json\/wp\/v2\/comments?post=9"}],"version-history":[{"count":49,"href":"https:\/\/faranghe.eu\/it\/wp-json\/wp\/v2\/pages\/9\/revisions"}],"predecessor-version":[{"id":4621,"href":"https:\/\/faranghe.eu\/it\/wp-json\/wp\/v2\/pages\/9\/revisions\/4621"}],"wp:attachment":[{"href":"https:\/\/faranghe.eu\/it\/wp-json\/wp\/v2\/media?parent=9"}],"curies":[{"name":"wp","href":"https:\/\/api.w.org\/{rel}","templated":true}]}}